{"id":17,"date":"2014-02-12T01:44:24","date_gmt":"2014-02-12T01:44:24","guid":{"rendered":"http:\/\/eventdynamics.net\/wordpress\/?page_id=17"},"modified":"2018-08-10T00:20:00","modified_gmt":"2018-08-10T00:20:00","slug":"decor","status":"publish","type":"page","link":"https:\/\/eventdynamics.net\/wordpress\/services\/decor\/","title":{"rendered":"Decor"},"content":{"rendered":"<p><img loading=\"lazy\" decoding=\"async\" class=\" wp-image-90 alignleft\" src=\"https:\/\/eventdynamics.net\/wordpress\/wp-content\/uploads\/2014\/02\/srvcs_decor-300x197.jpg\" alt=\"srvcs_decor\" width=\"345\" height=\"226\" srcset=\"https:\/\/eventdynamics.net\/wordpress\/wp-content\/uploads\/2014\/02\/srvcs_decor-300x197.jpg 300w, https:\/\/eventdynamics.net\/wordpress\/wp-content\/uploads\/2014\/02\/srvcs_decor.jpg 316w\" sizes=\"auto, (max-width: 345px) 100vw, 345px\" \/>Creating a dramatic mood through d\u00e9cor is the goal of every Event Dynamics occasion. We will design your event d\u00e9cor using drape or a wide variety of fabrics. In cr\u00e8me or black, drapes can add elegance to a wall, section off a room, or provide a custom backdrop for a band, head table, sweetheart table, or wedding cake. Crystal organza curtains highlighted with the glow of white twinkle lights add that romantic feeling to an evening event whether it be inside or outside in a tent. In addition, Event Dynamics can add custom platforms to create a stage at any room or tent event. Whatever it is that you imagine as that striking atmosphere for your special event, Event Dynamics will help you design so that your event is truly \u201conce in a lifetime\u201d.<\/p>\n<p style=\"text-align: left;\">\u00a0 \u00a0 \u00a0 \u00a0 \u00a0 \u00a0 \u00a0 \u00a0 \u00a0 \u00a0 \u00a0 \u00a0 \u00a0 \u00a0 \u00a0 \u00a0 \u00a0 \u00a0 \u00a0 \u00a0 \u00a0 \u00a0 \u00a0 \u00a0 \u00a0 \u00a0 \u00a0 \u00a0 \u00a0 \u00a0 \u00a0 \u00a0 \u00a0 \u00a0 \u00a0 \u00a0 \u00a0 \u00a0 \u00a0 \u00a0 \u00a0 \u00a0 \u00a0 \u00a0 \u00a0 \u00a0 \u00a0Check out more examples in our\u00a0<a href=\"https:\/\/eventdynamics.net\/wordpress\/ed-portfolio\/\">portfolio!<\/a><\/p>\n","protected":false},"excerpt":{"rendered":"<p>Creating a dramatic mood through d\u00e9cor is the goal of every Event Dynamics occasion. We will design your event d\u00e9cor using drape or a wide variety of fabrics. In cr\u00e8me or black, drapes can add elegance to a wall, section off a room, or provide a custom backdrop for a band, head table, sweetheart table, [&hellip;]<\/p>\n","protected":false},"author":1,"featured_media":0,"parent":9,"menu_order":0,"comment_status":"open","ping_status":"open","template":"","meta":{"_genesis_hide_title":false,"_genesis_hide_breadcrumbs":false,"_genesis_hide_singular_image":false,"_genesis_hide_footer_widgets":false,"_genesis_custom_body_class":"","_genesis_custom_post_class":"","_genesis_layout":"","footnotes":""},"class_list":{"0":"post-17","1":"page","2":"type-page","3":"status-publish","5":"entry"},"_links":{"self":[{"href":"https:\/\/eventdynamics.net\/wordpress\/wp-json\/wp\/v2\/pages\/17","targetHints":{"allow":["GET"]}}],"collection":[{"href":"https:\/\/eventdynamics.net\/wordpress\/wp-json\/wp\/v2\/pages"}],"about":[{"href":"https:\/\/eventdynamics.net\/wordpress\/wp-json\/wp\/v2\/types\/page"}],"author":[{"embeddable":true,"href":"https:\/\/eventdynamics.net\/wordpress\/wp-json\/wp\/v2\/users\/1"}],"replies":[{"embeddable":true,"href":"https:\/\/eventdynamics.net\/wordpress\/wp-json\/wp\/v2\/comments?post=17"}],"version-history":[{"count":12,"href":"https:\/\/eventdynamics.net\/wordpress\/wp-json\/wp\/v2\/pages\/17\/revisions"}],"predecessor-version":[{"id":388,"href":"https:\/\/eventdynamics.net\/wordpress\/wp-json\/wp\/v2\/pages\/17\/revisions\/388"}],"up":[{"embeddable":true,"href":"https:\/\/eventdynamics.net\/wordpress\/wp-json\/wp\/v2\/pages\/9"}],"wp:attachment":[{"href":"https:\/\/eventdynamics.net\/wordpress\/wp-json\/wp\/v2\/media?parent=17"}],"curies":[{"name":"wp","href":"https:\/\/api.w.org\/{rel}","templated":true}]}}